
{"id":5291,"date":"2018-08-27T10:02:06","date_gmt":"2018-08-27T08:02:06","guid":{"rendered":"https:\/\/www.gity.cz\/?page_id=5291"},"modified":"2024-07-02T09:00:42","modified_gmt":"2024-07-02T07:00:42","slug":"kontakt","status":"publish","type":"page","link":"https:\/\/www.gity.cz\/sk\/kontakt\/","title":{"rendered":"Kontakt"},"content":{"rendered":"\n<h2 class=\"wp-block-heading\">Kontaktn\u00e9 adresy spolo\u010dnosti<\/h2>\n\n\n\n<div class=\"wp-block-gity-tabs Tabs\"><div class=\"Tabs-nav\"><\/div><div class=\"Tabs-wrap\">\n<div class=\"wp-block-gity-tab\"><button class=\"Tabs-title\">Brno<\/button><div class=\"Tabs-body\">\n<div class=\"wp-block-columns has-2-columns is-layout-flex wp-container-core-columns-is-layout-9d6595d7 wp-block-columns-is-layout-flex\">\n<div class=\"wp-block-column is-layout-flow wp-block-column-is-layout-flow\">\n<div class=\"wp-block-gity-ctab-content\"><div class=\"Tabs-icon\"><i class=\"fas fa-home\"><\/i><\/div><div class=\"Tabs-content\">\n<p><strong>GiTy, a.s.<br><\/strong>Mari\u00e1nsk\u00e9 n\u00e1m\u011bst\u00ed 617\/1<br>617&nbsp;00 Brno \u2013 Kom\u00e1rov<br>\u010cesk\u00e1 republika<\/p>\n<\/div><\/div>\n<\/div>\n\n\n\n<div class=\"wp-block-column is-layout-flow wp-block-column-is-layout-flow\">\n<div class=\"wp-block-gity-ctab-content\"><div class=\"Tabs-icon\"><i class=\"fas fa-building\"><\/i><\/div><div class=\"Tabs-content\">\n<p><strong>I\u010c:<\/strong> 253&nbsp;02&nbsp;400<br><strong>DI\u010c:<\/strong> CZ 253&nbsp;02&nbsp;400<\/p>\n<\/div><\/div>\n\n\n\n<div class=\"wp-block-gity-ctab-content\"><div class=\"Tabs-icon\"><i class=\"fas fa-building\"><\/i><\/div><div class=\"Tabs-content\">\n<p>Obchodn\u00ed rejst\u0159\u00edk \u2013<br>Krajsk\u00fd soud v&nbsp;Brn\u011b, spis:&nbsp;B&nbsp;2017<\/p>\n<\/div><\/div>\n<\/div>\n\n\n\n<div class=\"wp-block-column is-layout-flow wp-block-column-is-layout-flow\">\n<div class=\"wp-block-gity-ctab-content\"><div class=\"Tabs-icon\"><i class=\"fas fa-phone\"><\/i><\/div><div class=\"Tabs-content\">\n<p><strong>Telefon:<\/strong><br>+420&nbsp;545&nbsp;129&nbsp;111<\/p>\n<\/div><\/div>\n\n\n\n<div class=\"wp-block-gity-ctab-content\"><div class=\"Tabs-icon\"><i class=\"fas fa-fax\"><\/i><\/div><div class=\"Tabs-content\">\n<p><strong>Fax:<\/strong><br>+420&nbsp;545&nbsp;129&nbsp;361<\/p>\n<\/div><\/div>\n<\/div>\n\n\n\n<div class=\"wp-block-column is-layout-flow wp-block-column-is-layout-flow\">\n<div class=\"wp-block-gity-ctab-content\"><div class=\"Tabs-icon\"><i class=\"fas fa-envelope\"><\/i><\/div><div class=\"Tabs-content\">\n<p><strong>Datov\u00e1 schr\u00e1nka:<\/strong><br>7miceqb<\/p>\n\n\n\n<p><\/p>\n<\/div><\/div>\n\n\n\n<div class=\"wp-block-gity-ctab-content\"><div class=\"Tabs-icon\"><i class=\"fas fa-at\"><\/i><\/div><div class=\"Tabs-content\">\n<p><strong>e-mail:<\/strong><a href=\"mailto:info@gity.cz\"><\/a><br><a href=\"mailto:info@gity.cz\">info@gity.cz<\/a><\/p>\n<\/div><\/div>\n<\/div>\n<\/div>\n\n\n\n<iframe loading=\"lazy\" src=\"https:\/\/www.google.com\/maps\/embed?pb=!1m18!1m12!1m3!1d2608.420535693153!2d16.620050615682743!3d49.173606186414105!2m3!1f0!2f0!3f0!3m2!1i1024!2i768!4f13.1!3m3!1m2!1s0x4712951a86278775%3A0x6f80e785c471e662!2sGiTy%2C+a.s.!5e0!3m2!1scs!2scz!4v1546465772245\" width=\"100%\" height=\"600\" frameborder=\"0\" style=\"border:0\" allowfullscreen=\"\"><\/iframe>\n<\/div><\/div>\n\n\n\n<div class=\"wp-block-gity-tab\"><button class=\"Tabs-title\">Praha<\/button><div class=\"Tabs-body\">\n<div class=\"wp-block-columns has-2-columns is-layout-flex wp-container-core-columns-is-layout-9d6595d7 wp-block-columns-is-layout-flex\">\n<div class=\"wp-block-column is-layout-flow wp-block-column-is-layout-flow\">\n<div class=\"wp-block-gity-ctab-content\"><div class=\"Tabs-icon\"><i class=\"fas fa-home\"><\/i><\/div><div class=\"Tabs-content\">\n<p><strong>GiTy, a.s.<br><\/strong>Pankr\u00e1c Prime Office Building<br>Lomnick\u00e9ho 1742\/2a<br>Praha 4-Nusle<br>140&nbsp;00<\/p>\n<\/div><\/div>\n<\/div>\n\n\n\n<div class=\"wp-block-column is-layout-flow wp-block-column-is-layout-flow\">\n<div class=\"wp-block-gity-ctab-content\"><div class=\"Tabs-icon\"><i class=\"fas fa-building\"><\/i><\/div><div class=\"Tabs-content\">\n<p><strong>I\u010c:<\/strong> 253&nbsp;02&nbsp;400<br><strong>DI\u010c:<\/strong> CZ 253&nbsp;02&nbsp;400<\/p>\n<\/div><\/div>\n\n\n\n<div class=\"wp-block-gity-ctab-content\"><div class=\"Tabs-icon\"><i class=\"fas fa-building\"><\/i><\/div><div class=\"Tabs-content\">\n<p>Obchodn\u00ed rejst\u0159\u00edk \u2013<br>Krajsk\u00fd soud v&nbsp;Brn\u011b, spis:&nbsp;B&nbsp;2017<\/p>\n<\/div><\/div>\n<\/div>\n\n\n\n<div class=\"wp-block-column is-layout-flow wp-block-column-is-layout-flow\">\n<div class=\"wp-block-gity-ctab-content\"><div class=\"Tabs-icon\"><i class=\"fas fa-phone\"><\/i><\/div><div class=\"Tabs-content\">\n<p><strong>Telefon:<\/strong><br>+420&nbsp;266&nbsp;025&nbsp;111<\/p>\n<\/div><\/div>\n\n\n\n<div class=\"wp-block-gity-ctab-content\"><div class=\"Tabs-icon\"><i class=\"fas fa-fax\"><\/i><\/div><div class=\"Tabs-content\">\n<p><strong>Fax:<\/strong><br>+420&nbsp;274&nbsp;781&nbsp;252<\/p>\n<\/div><\/div>\n<\/div>\n\n\n\n<div class=\"wp-block-column is-layout-flow wp-block-column-is-layout-flow\">\n<div class=\"wp-block-gity-ctab-content\"><div class=\"Tabs-icon\"><i class=\"fas fa-envelope\"><\/i><\/div><div class=\"Tabs-content\">\n<p><strong>Datov\u00e1 schr\u00e1nka:<\/strong><br>7miceqb<\/p>\n\n\n\n<p><\/p>\n<\/div><\/div>\n\n\n\n<div class=\"wp-block-gity-ctab-content\"><div class=\"Tabs-icon\"><i class=\"fas fa-at\"><\/i><\/div><div class=\"Tabs-content\">\n<p><\/p>\n<\/div><\/div>\n\n\n\n<p><strong>e-mail:<\/strong><br><a href=\"mailto:praha@gity.cz\">praha@gity.cz<\/a><\/p>\n\n\n\n<p><\/p>\n<\/div>\n<\/div>\n\n\n\n<iframe loading=\"lazy\" src=\"https:\/\/www.google.com\/maps\/embed?pb=!1m18!1m12!1m3!1d2562.6334598127214!2d14.490668215708972!3d50.03696372495282!2m3!1f0!2f0!3f0!3m2!1i1024!2i768!4f13.1!3m3!1m2!1s0x470b93052be3fa2d%3A0xb7ddcb88fa6201d9!2sGiTy%2C+a.s.!5e0!3m2!1scs!2scz!4v1546465700652\" width=\"100%\" height=\"600\" frameborder=\"0\" style=\"border:0\" allowfullscreen=\"\"><\/iframe>\n<\/div><\/div>\n\n\n\n<div class=\"wp-block-gity-tab\"><button class=\"Tabs-title\">Slovensko<\/button><div class=\"Tabs-body\">\n<div class=\"wp-block-columns has-2-columns is-layout-flex wp-container-core-columns-is-layout-9d6595d7 wp-block-columns-is-layout-flex\">\n<div class=\"wp-block-column is-layout-flow wp-block-column-is-layout-flow\">\n<div class=\"wp-block-gity-ctab-content\"><div class=\"Tabs-icon\"><i class=\"fas fa-home\"><\/i><\/div><div class=\"Tabs-content\">\n<p><strong><strong>GiTy &#8211; Slovensko, a.s.<\/strong><br><\/strong>Jilemnick\u00e9ho 8&nbsp;<br>036&nbsp;01 Martin<br>Slovensk\u00e1 republika<\/p>\n<\/div><\/div>\n<\/div>\n\n\n\n<div class=\"wp-block-column is-layout-flow wp-block-column-is-layout-flow\">\n<div class=\"wp-block-gity-ctab-content\"><div class=\"Tabs-icon\"><i class=\"fas fa-building\"><\/i><\/div><div class=\"Tabs-content\">\n<p><strong>I\u010c:<\/strong> 36378143<br><strong>DI\u010c:<\/strong> 2020119046<br><strong>I\u010c DPH:<\/strong>&nbsp;SK2020119046<\/p>\n<\/div><\/div>\n\n\n\n<div class=\"wp-block-gity-ctab-content\"><div class=\"Tabs-icon\"><i class=\"fas fa-building\"><\/i><\/div><div class=\"Tabs-content\">\n<p>Zap\u00edsan\u00e1 v&nbsp;obchodnom registri Okresn\u00e9ho s\u00fadu \u017dilina,&nbsp;oddiel: Sa, vlo\u017eka 10070\/L<br><\/p>\n<\/div><\/div>\n<\/div>\n\n\n\n<div class=\"wp-block-column is-layout-flow wp-block-column-is-layout-flow\">\n<div class=\"wp-block-gity-ctab-content\"><div class=\"Tabs-icon\"><i class=\"fas fa-at\"><\/i><\/div><div class=\"Tabs-content\">\n<p><strong>e-mail:<\/strong><br><a href=\"mailto:info@gity.sk\">info@gity.sk<\/a><\/p>\n<\/div><\/div>\n\n\n\n<div class=\"wp-block-gity-ctab-content\"><div class=\"Tabs-icon\"><i class=\"fas fa-at\"><\/i><\/div><div class=\"Tabs-content\">\n<p><\/p>\n<\/div><\/div>\n<\/div>\n<\/div>\n\n\n\n<iframe loading=\"lazy\" src=\"https:\/\/www.google.com\/maps\/embed?pb=!1m18!1m12!1m3!1d2613.1271477148307!2d18.929541716065057!3d49.08422407931025!2m3!1f0!2f0!3f0!3m2!1i1024!2i768!4f13.1!3m3!1m2!1s0x4714ff394d2caf8d%3A0xc2966f3a4beba844!2sGity%20-%20Slovensko%2C%20A.S.!5e0!3m2!1scs!2scz!4v1636417044118!5m2!1scs!2scz\" width=\"100%\" height=\"600\" frameborder=\"0\" style=\"border:0;\" allowfullscreen=\"\"><\/iframe>\n<\/div><\/div>\n\n\n\n<div class=\"wp-block-gity-tab\"><button class=\"Tabs-title\">Kontaktn\u00ed formul\u00e1\u0159<\/button><div class=\"Tabs-body\">\n\n\n<p><\/p>\n<\/div><\/div>\n<\/div><\/div>\n","protected":false},"excerpt":{"rendered":"<p>Kontaktn\u00e9 adresy spolo\u010dnosti<\/p>\n","protected":false},"author":1,"featured_media":0,"parent":0,"menu_order":0,"comment_status":"closed","ping_status":"closed","template":"page-contact.php","meta":{"_acf_changed":false,"_monsterinsights_skip_tracking":false,"_monsterinsights_sitenote_active":false,"_monsterinsights_sitenote_note":"","_monsterinsights_sitenote_category":0,"_uf_show_specific_survey":0,"_uf_disable_surveys":false,"footnotes":""},"class_list":["post-5291","page","type-page","status-publish","hentry"],"acf":[],"aioseo_notices":[],"_links":{"self":[{"href":"https:\/\/www.gity.cz\/sk\/wp-json\/wp\/v2\/pages\/5291","targetHints":{"allow":["GET"]}}],"collection":[{"href":"https:\/\/www.gity.cz\/sk\/wp-json\/wp\/v2\/pages"}],"about":[{"href":"https:\/\/www.gity.cz\/sk\/wp-json\/wp\/v2\/types\/page"}],"author":[{"embeddable":true,"href":"https:\/\/www.gity.cz\/sk\/wp-json\/wp\/v2\/users\/1"}],"replies":[{"embeddable":true,"href":"https:\/\/www.gity.cz\/sk\/wp-json\/wp\/v2\/comments?post=5291"}],"version-history":[{"count":3,"href":"https:\/\/www.gity.cz\/sk\/wp-json\/wp\/v2\/pages\/5291\/revisions"}],"predecessor-version":[{"id":6430,"href":"https:\/\/www.gity.cz\/sk\/wp-json\/wp\/v2\/pages\/5291\/revisions\/6430"}],"wp:attachment":[{"href":"https:\/\/www.gity.cz\/sk\/wp-json\/wp\/v2\/media?parent=5291"}],"curies":[{"name":"wp","href":"https:\/\/api.w.org\/{rel}","templated":true}]}}