
{"id":5240,"date":"2018-08-03T09:09:54","date_gmt":"2018-08-03T07:09:54","guid":{"rendered":"https:\/\/www.gity.cz\/?page_id=5240"},"modified":"2021-11-09T00:54:55","modified_gmt":"2021-11-08T23:54:55","slug":"o-nas","status":"publish","type":"page","link":"https:\/\/www.gity.cz\/sk\/o-nas\/","title":{"rendered":"O n\u00e1s"},"content":{"rendered":"\n<section class=\"wp-block-gity-blocks Blocks\"><div class=\"Blocks-wrap\">\n<div class=\"wp-block-gity-block-image Blocks-row\">\n<div class=\"wp-block-gity-block-content Blocks-content\">\n<p class=\"has-text-align-right\">Spolo\u010dnos\u0165 GiTy, a.s. vznikla v&nbsp;roku 1990, GiTy &#8211; Slovensko, a.s. v&nbsp;roku 1992. Spolo\u010dnosti skupiny GiTy p\u00f4sobia na dvoch trhoch &#8211; v&nbsp;\u010ceskej republike a&nbsp;v&nbsp;Slovenskej republike. GiTy vst\u00fapila do povedomia verejnosti ako mlad\u00e1, dynamick\u00e1 firma s&nbsp;ve\u013ek\u00fdm inova\u010dn\u00fdm potenci\u00e1lom, \u010do&nbsp;v&nbsp;priebehu rokov vy\u00fastilo do \u0161irok\u00e9ho portf\u00f3lia produktov a&nbsp;slu\u017eieb. V\u010faka tejto komplexnej ponuke je firma schopn\u00e1 vybudova\u0165 univerz\u00e1lne prostredie na prenos d\u00e1t, hlasu a&nbsp;obrazu. GiTy je syst\u00e9mov\u00fdm integr\u00e1torom a&nbsp;realizuje rie\u0161enia &#8222;na k\u013e\u00fa\u010d&#8220; pod\u013ea \u017eelania z\u00e1kazn\u00edka. Znamen\u00e1 to v\u00fdhodu jedn\u00e9ho partnera v&nbsp;oblasti dod\u00e1vky, spr\u00e1vy a&nbsp;bezprobl\u00e9movej prev\u00e1dzky firemnej IT infra\u0161trukt\u00fary. Syst\u00e9mov\u00e1 integr\u00e1cia u\u013eah\u010duje a&nbsp;zjednodu\u0161uje vz\u00e1jomn\u00fa komunik\u00e1ciu, in\u0161tal\u00e1ciu syst\u00e9mov a&nbsp;predov\u0161etk\u00fdm \u010fal\u0161iu servisn\u00fa a&nbsp;prev\u00e1dzkov\u00fa podporu. GiTy vo svojich rie\u0161eniach re\u0161pektuje s\u00fa\u010dasn\u00e9 technologick\u00e9 z\u00e1zemie.<\/p>\n<\/div>\n\n\n\n\n\n<p><\/p>\n<\/div>\n\n\n\n<div class=\"wp-block-gity-block-image Blocks-row\">\n<div class=\"wp-block-gity-block-content Blocks-content\">\n<p class=\"has-text-align-left\">Spolo\u010dnos\u0165 poskytuje rie\u0161enia a&nbsp;slu\u017eby v&nbsp;oblasti budovania komplexnej lok\u00e1lnej komunika\u010dnej infra\u0161trukt\u00fary a&nbsp;informa\u010dnej bezpe\u010dnosti (pas\u00edvna kabel\u00e1\u017e a\u00a0akt\u00edvne prvky pre LAN, videokonferencie a&nbsp;IP telef\u00f3niu, kamerov\u00e9 syst\u00e9my, pr\u00edstupov\u00e9 syst\u00e9my, EZS a\u00a0EPS) a\u00a0poskytuje slu\u017eby verejnej d\u00e1tovej siete a\u00a0\u0161irokop\u00e1smov\u00e9ho pr\u00edstupu do internetu cez terestri\u00e1lne linky a&nbsp;VSAT technol\u00f3gie.<\/p>\n<\/div>\n\n\n<\/div>\n<\/div><\/section>\n","protected":false},"excerpt":{"rendered":"","protected":false},"author":1,"featured_media":5257,"parent":0,"menu_order":0,"comment_status":"closed","ping_status":"closed","template":"page-about.php","meta":{"_acf_changed":false,"_monsterinsights_skip_tracking":false,"_monsterinsights_sitenote_active":false,"_monsterinsights_sitenote_note":"","_monsterinsights_sitenote_category":0,"_uf_show_specific_survey":0,"_uf_disable_surveys":false,"footnotes":""},"class_list":["post-5240","page","type-page","status-publish","has-post-thumbnail","hentry"],"acf":[],"aioseo_notices":[],"_links":{"self":[{"href":"https:\/\/www.gity.cz\/sk\/wp-json\/wp\/v2\/pages\/5240","targetHints":{"allow":["GET"]}}],"collection":[{"href":"https:\/\/www.gity.cz\/sk\/wp-json\/wp\/v2\/pages"}],"about":[{"href":"https:\/\/www.gity.cz\/sk\/wp-json\/wp\/v2\/types\/page"}],"author":[{"embeddable":true,"href":"https:\/\/www.gity.cz\/sk\/wp-json\/wp\/v2\/users\/1"}],"replies":[{"embeddable":true,"href":"https:\/\/www.gity.cz\/sk\/wp-json\/wp\/v2\/comments?post=5240"}],"version-history":[{"count":8,"href":"https:\/\/www.gity.cz\/sk\/wp-json\/wp\/v2\/pages\/5240\/revisions"}],"predecessor-version":[{"id":5256,"href":"https:\/\/www.gity.cz\/sk\/wp-json\/wp\/v2\/pages\/5240\/revisions\/5256"}],"wp:featuredmedia":[{"embeddable":true,"href":"https:\/\/www.gity.cz\/sk\/wp-json\/wp\/v2\/media\/5257"}],"wp:attachment":[{"href":"https:\/\/www.gity.cz\/sk\/wp-json\/wp\/v2\/media?parent=5240"}],"curies":[{"name":"wp","href":"https:\/\/api.w.org\/{rel}","templated":true}]}}